{"id":1817,"date":"2025-05-27T07:11:24","date_gmt":"2025-05-27T07:11:24","guid":{"rendered":"https:\/\/newcounsel.barcelona\/?page_id=1817"},"modified":"2025-09-02T17:51:48","modified_gmt":"2025-09-02T17:51:48","slug":"blog","status":"publish","type":"page","link":"https:\/\/newcounsel.barcelona\/ru\/blog\/","title":{"rendered":"Blog"},"content":{"rendered":"<div data-elementor-type=\"wp-page\" data-elementor-id=\"1817\" class=\"elementor elementor-1817\">\n\t\t\t\t<div class=\"elementor-element elementor-element-602e1c1 e-flex e-con-boxed wpr-particle-no wpr-jarallax-no wpr-parallax-no wpr-sticky-section-no e-con e-parent\" data-id=\"602e1c1\" data-element_type=\"container\" data-settings=\"{&quot;background_background&quot;:&quot;classic&quot;}\">\n\t\t\t\t\t<div class=\"e-con-inner\">\n\t\t<div class=\"elementor-element elementor-element-e734561 e-con-full e-flex wpr-particle-no wpr-jarallax-no wpr-parallax-no wpr-sticky-section-no e-con e-child\" data-id=\"e734561\" data-element_type=\"container\">\n\t\t\t\t<div class=\"elementor-element elementor-element-cb05209 elementor-widget-divider--view-line elementor-widget elementor-widget-divider\" data-id=\"cb05209\" data-element_type=\"widget\" data-widget_type=\"divider.default\">\n\t\t\t\t<div class=\"elementor-widget-container\">\n\t\t\t\t\t\t\t<div class=\"elementor-divider\">\n\t\t\t<span class=\"elementor-divider-separator\">\n\t\t\t\t\t\t<\/span>\n\t\t<\/div>\n\t\t\t\t\t\t<\/div>\n\t\t\t\t<\/div>\n\t\t\t\t<div class=\"elementor-element elementor-element-8b85114 elementor-widget elementor-widget-heading\" data-id=\"8b85114\" data-element_type=\"widget\" data-widget_type=\"heading.default\">\n\t\t\t\t<div class=\"elementor-widget-container\">\n\t\t\t\t\t<h1 class=\"elementor-heading-title elementor-size-default\">\u041d\u043e\u0432\u043e\u0441\u0442\u0438 \u0438 \u0441\u043e\u0432\u0435\u0442\u044b \u0434\u043b\u044f \u0431\u0438\u0437\u043d\u0435\u0441\u0430<\/h1>\t\t\t\t<\/div>\n\t\t\t\t<\/div>\n\t\t\t\t<div class=\"elementor-element elementor-element-5bdc463 elementor-widget elementor-widget-text-editor\" data-id=\"5bdc463\" data-element_type=\"widget\" data-widget_type=\"text-editor.default\">\n\t\t\t\t<div class=\"elementor-widget-container\">\n\t\t\t\t\t\t\t\t\t<p><span style=\"font-weight: 400;\">\u0411\u0443\u0434\u044c\u0442\u0435 \u0432 \u043a\u0443\u0440\u0441\u0435 \u0438\u0437\u043c\u0435\u043d\u0435\u043d\u0438\u0439 \u0432 \u0437\u0430\u043a\u043e\u043d\u043e\u0434\u0430\u0442\u0435\u043b\u044c\u0441\u0442\u0432\u0435, \u043d\u0430\u043b\u043e\u0433\u043e\u0432\u044b\u0445 \u043d\u043e\u0432\u043e\u0432\u0432\u0435\u0434\u0435\u043d\u0438\u0439 \u0438 \u043f\u043e\u043b\u0435\u0437\u043d\u044b\u0445 \u0441\u043e\u0432\u0435\u0442\u043e\u0432 \u0434\u043b\u044f \u0418\u041f \u0438 \u043a\u043e\u043c\u043f\u0430\u043d\u0438\u0439. \u0422\u043e\u043b\u044c\u043a\u043e \u043f\u0440\u0430\u043a\u0442\u0438\u0447\u0435\u0441\u043a\u0430\u044f \u0438\u043d\u0444\u043e\u0440\u043c\u0430\u0446\u0438\u044f.<\/span><\/p>\t\t\t\t\t\t\t\t<\/div>\n\t\t\t\t<\/div>\n\t\t\t\t<div class=\"elementor-element elementor-element-1d70fec elementor-widget elementor-widget-text-editor\" data-id=\"1d70fec\" data-element_type=\"widget\" data-widget_type=\"text-editor.default\">\n\t\t\t\t<div class=\"elementor-widget-container\">\n\t\t\t\t\t\t\t\t\t<p><span style=\"font-weight: 400;\">\u041d\u0430\u0448\u0438 \u043e\u043f\u044b\u0442\u043d\u044b\u0435 \u044e\u0440\u0438\u0441\u0442\u044b \u043e\u043a\u0430\u0437\u044b\u0432\u0430\u044e\u0442 \u043a\u0432\u0430\u043b\u0438\u0444\u0438\u0446\u0438\u0440\u043e\u0432\u0430\u043d\u043d\u0443\u044e \u043f\u043e\u043c\u043e\u0449\u044c \u043f\u043e \u0432\u0441\u0435\u043c \u0432\u043e\u043f\u0440\u043e\u0441\u0430\u043c,\n\u0441\u0432\u044f\u0437\u0430\u043d\u043d\u044b\u043c \u0441 \u0432\u0435\u0434\u0435\u043d\u0438\u0435\u043c \u0431\u0438\u0437\u043d\u0435\u0441\u0430 \u0432 \u0418\u0441\u043f\u0430\u043d\u0438\u0438. \u041c\u044b \u043f\u043e\u043c\u043e\u0433\u0430\u0435\u043c \u0440\u0435\u0433\u0438\u0441\u0442\u0440\u0438\u0440\u043e\u0432\u0430\u0442\u044c \u0444\u0438\u0440\u043c\u044b,\n\u043e\u0444\u043e\u0440\u043c\u043b\u044f\u0442\u044c \u0434\u043e\u043a\u0443\u043c\u0435\u043d\u0442\u044b \u0434\u043b\u044f \u043e\u0442\u043a\u0440\u044b\u0442\u0438\u044f \u0431\u0430\u043d\u043a\u043e\u0432\u0441\u043a\u0438\u0445 \u0441\u0447\u0435\u0442\u043e\u0432, \u043f\u043e\u043b\u0443\u0447\u0435\u043d\u0438\u044f \u0440\u0430\u0437\u0440\u0435\u0448\u0435\u043d\u0438\u0439 \u0438\n\u043b\u0438\u0446\u0435\u043d\u0437\u0438\u0439, \u0430 \u0442\u0430\u043a\u0436\u0435 \u043e\u0431\u0435\u0441\u043f\u0435\u0447\u0438\u0432\u0430\u0435\u043c \u044e\u0440\u0438\u0434\u0438\u0447\u0435\u0441\u043a\u043e\u0435 \u0441\u043e\u043f\u0440\u043e\u0432\u043e\u0436\u0434\u0435\u043d\u0438\u0435 \u0432\u0441\u0435\u0445 \u0431\u0438\u0437\u043d\u0435\u0441-\u043f\u0440\u043e\u0446\u0435\u0441\u0441\u043e\u0432.<\/span><\/p>\t\t\t\t\t\t\t\t<\/div>\n\t\t\t\t<\/div>\n\t\t\t\t<\/div>\n\t\t\t\t\t<\/div>\n\t\t\t\t<\/div>\n\t\t<div class=\"elementor-element elementor-element-5d15893 e-flex e-con-boxed wpr-particle-no wpr-jarallax-no wpr-parallax-no wpr-sticky-section-no e-con e-parent\" data-id=\"5d15893\" data-element_type=\"container\" data-settings=\"{&quot;background_background&quot;:&quot;classic&quot;}\">\n\t\t\t\t\t<div class=\"e-con-inner\">\n\t\t<div class=\"elementor-element elementor-element-692c216 e-con-full e-flex wpr-particle-no wpr-jarallax-no wpr-parallax-no wpr-sticky-section-no e-con e-child\" data-id=\"692c216\" data-element_type=\"container\">\n\t\t\t\t<div class=\"elementor-element elementor-element-ab83993 elementor-widget-divider--view-line elementor-widget elementor-widget-divider\" data-id=\"ab83993\" data-element_type=\"widget\" data-widget_type=\"divider.default\">\n\t\t\t\t<div class=\"elementor-widget-container\">\n\t\t\t\t\t\t\t<div class=\"elementor-divider\">\n\t\t\t<span class=\"elementor-divider-separator\">\n\t\t\t\t\t\t<\/span>\n\t\t<\/div>\n\t\t\t\t\t\t<\/div>\n\t\t\t\t<\/div>\n\t\t\t\t<div class=\"elementor-element elementor-element-9764b2a elementor-widget elementor-widget-heading\" data-id=\"9764b2a\" data-element_type=\"widget\" data-widget_type=\"heading.default\">\n\t\t\t\t<div class=\"elementor-widget-container\">\n\t\t\t\t\t<h2 class=\"elementor-heading-title elementor-size-default\">\u041d\u0430\u0448\u0438 \u0421\u0412\u0415\u0416\u0418\u0415 \u043d\u043e\u0432\u043e\u0441\u0442\u0438<\/h2>\t\t\t\t<\/div>\n\t\t\t\t<\/div>\n\t\t<div class=\"elementor-element elementor-element-2a49d5b e-con-full e-flex wpr-particle-no wpr-jarallax-no wpr-parallax-no wpr-sticky-section-no e-con e-child\" data-id=\"2a49d5b\" data-element_type=\"container\">\n\t\t<div class=\"elementor-element elementor-element-f5ed656 e-con-full e-flex wpr-particle-no wpr-jarallax-no wpr-parallax-no wpr-sticky-section-no elementor-invisible e-con e-child\" data-id=\"f5ed656\" data-element_type=\"container\" data-settings=\"{&quot;background_background&quot;:&quot;classic&quot;,&quot;animation&quot;:&quot;slideInUp&quot;,&quot;animation_delay&quot;:100}\">\n\t\t\t\t<div class=\"elementor-element elementor-element-6ae5636 elementor-widget elementor-widget-icon-box\" data-id=\"6ae5636\" data-element_type=\"widget\" data-widget_type=\"icon-box.default\">\n\t\t\t\t<div class=\"elementor-widget-container\">\n\t\t\t\t\t\t\t<div class=\"elementor-icon-box-wrapper\">\n\n\t\t\t\n\t\t\t\t\t\t<div class=\"elementor-icon-box-content\">\n\n\t\t\t\t\t\t\t\t\t<h4 class=\"elementor-icon-box-title\">\n\t\t\t\t\t\t<span  >\n\t\t\t\t\t\t\t\u0420\u0435\u0433\u0438\u0441\u0442\u0440\u0430\u0446\u0438\u044f \u0431\u0438\u0437\u043d\u0435\u0441\u0430\u200b\t\t\t\t\t\t<\/span>\n\t\t\t\t\t<\/h4>\n\t\t\t\t\n\t\t\t\t\t\t\t\t\t<p class=\"elementor-icon-box-description\">\n\t\t\t\t\t\t\u041c\u044b \u043f\u0440\u0435\u0434\u043b\u0430\u0433\u0430\u0435\u043c \u043f\u0440\u043e\u0444\u0435\u0441\u0441\u0438\u043e\u043d\u0430\u043b\u044c\u043d\u0443\u044e \u043f\u043e\u043c\u043e\u0449\u044c \u0432 \u0431\u044b\u0441\u0442\u0440\u043e\u0439 \u0438 \u0431\u0435\u0437\u0441\u0442\u0440\u0435\u0441\u0441\u043e\u0432\u043e\u0439 \u0440\u0435\u0433\u0438\u0441\u0442\u0440\u0430\u0446\u0438\u0438\n\u0432\u0430\u0448\u0435\u0433\u043e \u0431\u0438\u0437\u043d\u0435\u0441\u0430 \u0432 \u0411\u0430\u0440\u0441\u0435\u043b\u043e\u043d\u0435. \u041d\u0430\u0448\u0438 \u044d\u043a\u0441\u043f\u0435\u0440\u0442\u044b \u043f\u043e\u043c\u043e\u0433\u0443\u0442 \u0432\u0430\u043c \u043d\u0430 \u0432\u0441\u0435\u0445 \u044d\u0442\u0430\u043f\u0430\u0445: \u043e\u0442 \u0432\u044b\u0431\u043e\u0440\u0430\n\u0444\u043e\u0440\u043c\u044b \u043a\u043e\u043c\u043f\u0430\u043d\u0438\u0438 (SL, \u0430\u0432\u0442\u043e\u043d\u043e\u043c\u043e \u0438 \u0434\u0440\u0443\u0433\u0438\u0435 \u0432\u0430\u0440\u0438\u0430\u043d\u0442\u044b) \u0434\u043e \u043e\u0442\u043a\u0440\u044b\u0442\u0438\u044f \u0431\u0430\u043d\u043a\u043e\u0432\u0441\u043a\u043e\u0433\u043e \u0441\u0447\u0435\u0442\u0430 \u0438\n\u043f\u043e\u043b\u0443\u0447\u0435\u043d\u0438\u044f \u0432\u0441\u0435\u0445 \u043d\u0435\u043e\u0431\u0445\u043e\u0434\u0438\u043c\u044b\u0445 \u0434\u043e\u043a\u0443\u043c\u0435\u043d\u0442\u043e\u0432. \u0412\u0441\u044f \u043f\u0440\u043e\u0446\u0435\u0434\u0443\u0440\u0430 \u043f\u0440\u043e\u0445\u043e\u0434\u0438\u0442 \u043f\u043e\u043b\u043d\u043e\u0441\u0442\u044c\u044e \u043d\u0430\n\u0440\u0443\u0441\u0441\u043a\u043e\u043c \u044f\u0437\u044b\u043a\u0435, \u0447\u0442\u043e \u0441\u0443\u0449\u0435\u0441\u0442\u0432\u0435\u043d\u043d\u043e \u0443\u043f\u0440\u043e\u0449\u0430\u0435\u0442 \u043a\u043e\u043c\u043c\u0443\u043d\u0438\u043a\u0430\u0446\u0438\u044e \u0438 \u044d\u043a\u043e\u043d\u043e\u043c\u0438\u0442 \u0432\u0430\u0448\u0435 \u0432\u0440\u0435\u043c\u044f.\n\u041a\u0440\u043e\u043c\u0435 \u0442\u043e\u0433\u043e, \u043c\u044b \u043f\u0440\u043e\u043a\u043e\u043d\u0441\u0443\u043b\u044c\u0442\u0438\u0440\u0443\u0435\u043c \u0432\u0430\u0441 \u043f\u043e \u0432\u043e\u043f\u0440\u043e\u0441\u0430\u043c \u043d\u0430\u043b\u043e\u0433\u043e\u043e\u0431\u043b\u043e\u0436\u0435\u043d\u0438\u044f, \u043e\u0431\u044f\u0437\u0430\u0442\u0435\u043b\u044c\u0441\u0442\u0432\n\u043f\u0435\u0440\u0435\u0434 \u0433\u043e\u0441\u0443\u0434\u0430\u0440\u0441\u0442\u0432\u0435\u043d\u043d\u044b\u043c\u0438 \u043e\u0440\u0433\u0430\u043d\u0430\u043c\u0438 \u0438 \u043f\u043e\u043c\u043e\u0436\u0435\u043c \u0432 \u043f\u043e\u043b\u0443\u0447\u0435\u043d\u0438\u0438 NIE \u0438 NIF \u043d\u043e\u043c\u0435\u0440\u043e\u0432. \u041d\u0430\u0448\u0438\n\u0443\u0441\u043b\u0443\u0433\u0438 \u0433\u0430\u0440\u0430\u043d\u0442\u0438\u0440\u0443\u044e\u0442 \u043c\u0438\u043d\u0438\u043c\u0438\u0437\u0430\u0446\u0438\u044e \u0440\u0438\u0441\u043a\u043e\u0432 \u0438 \u043a\u043e\u043c\u0444\u043e\u0440\u0442\u043d\u044b\u0439 \u0441\u0442\u0430\u0440\u0442 \u0432\u0430\u0448\u0435\u0433\u043e \u0431\u0438\u0437\u043d\u0435\u0441\u0430 \u0432 \u0418\u0441\u043f\u0430\u043d\u0438\u0438.\u200b\t\t\t\t\t<\/p>\n\t\t\t\t\n\t\t\t<\/div>\n\t\t\t\n\t\t<\/div>\n\t\t\t\t\t\t<\/div>\n\t\t\t\t<\/div>\n\t\t\t\t<\/div>\n\t\t<div class=\"elementor-element elementor-element-5c56538 e-con-full e-flex wpr-particle-no wpr-jarallax-no wpr-parallax-no wpr-sticky-section-no elementor-invisible e-con e-child\" data-id=\"5c56538\" data-element_type=\"container\" data-settings=\"{&quot;background_background&quot;:&quot;classic&quot;,&quot;animation&quot;:&quot;slideInUp&quot;,&quot;animation_delay&quot;:200}\">\n\t\t\t\t<div class=\"elementor-element elementor-element-aa8b6f3 elementor-widget elementor-widget-icon-box\" data-id=\"aa8b6f3\" data-element_type=\"widget\" data-widget_type=\"icon-box.default\">\n\t\t\t\t<div class=\"elementor-widget-container\">\n\t\t\t\t\t\t\t<div class=\"elementor-icon-box-wrapper\">\n\n\t\t\t\n\t\t\t\t\t\t<div class=\"elementor-icon-box-content\">\n\n\t\t\t\t\t\t\t\t\t<h4 class=\"elementor-icon-box-title\">\n\t\t\t\t\t\t<span  >\n\t\t\t\t\t\t\t\u0411\u0443\u0445\u0433\u0430\u043b\u0442\u0435\u0440\u0441\u043a\u0438\u0435 \u0443\u0441\u043b\u0443\u0433\u0438\t\t\t\t\t\t<\/span>\n\t\t\t\t\t<\/h4>\n\t\t\t\t\n\t\t\t\t\t\t\t\t\t<p class=\"elementor-icon-box-description\">\n\t\t\t\t\t\t\u041d\u0430\u0448\u0438 \u043e\u043f\u044b\u0442\u043d\u044b\u0435 \u0440\u0443\u0441\u0441\u043a\u043e\u044f\u0437\u044b\u0447\u043d\u044b\u0435 \u0431\u0443\u0445\u0433\u0430\u043b\u0442\u0435\u0440\u044b \u0432 \u0411\u0430\u0440\u0441\u0435\u043b\u043e\u043d\u0435 \u043e\u043a\u0430\u0437\u044b\u0432\u0430\u044e\u0442 \u043a\u043e\u043c\u043f\u043b\u0435\u043a\u0441\u043d\u0443\u044e\n\u043f\u043e\u0434\u0434\u0435\u0440\u0436\u043a\u0443 \u043f\u043e \u0432\u0435\u0434\u0435\u043d\u0438\u044e \u0431\u0443\u0445\u0433\u0430\u043b\u0442\u0435\u0440\u0441\u043a\u043e\u0433\u043e \u0443\u0447\u0435\u0442\u0430, \u0441\u0432\u043e\u0435\u0432\u0440\u0435\u043c\u0435\u043d\u043d\u043e\u0439 \u0441\u0434\u0430\u0447\u0435 \u043d\u0430\u043b\u043e\u0433\u043e\u0432\u043e\u0439 \u0438\n\u0444\u0438\u043d\u0430\u043d\u0441\u043e\u0432\u043e\u0439 \u043e\u0442\u0447\u0435\u0442\u043d\u043e\u0441\u0442\u0438, \u0430 \u0442\u0430\u043a\u0436\u0435 \u043a\u043e\u043d\u0441\u0443\u043b\u044c\u0442\u0438\u0440\u0443\u044e\u0442 \u043f\u043e \u043e\u043f\u0442\u0438\u043c\u0438\u0437\u0430\u0446\u0438\u0438 \u043d\u0430\u043b\u043e\u0433\u043e\u043e\u0431\u043b\u043e\u0436\u0435\u043d\u0438\u044f. \u041c\u044b\n\u043f\u043e\u043c\u043e\u0433\u0430\u0435\u043c \u043c\u0430\u043b\u043e\u043c\u0443 \u0438 \u0441\u0440\u0435\u0434\u043d\u0435\u043c\u0443 \u0431\u0438\u0437\u043d\u0435\u0441\u0443 \u0438\u0437\u0431\u0435\u0433\u0430\u0442\u044c \u0448\u0442\u0440\u0430\u0444\u043e\u0432 \u0438 \u043d\u0430\u043b\u043e\u0433\u043e\u0432\u044b\u0445 \u0440\u0438\u0441\u043a\u043e\u0432,\n\u043e\u0431\u0435\u0441\u043f\u0435\u0447\u0438\u0432\u0430\u044f \u0447\u0435\u0442\u043a\u043e\u0441\u0442\u044c, \u043d\u0430\u0434\u0435\u0436\u043d\u043e\u0441\u0442\u044c \u0438 \u043f\u043e\u043b\u043d\u0443\u044e \u043f\u0440\u043e\u0437\u0440\u0430\u0447\u043d\u043e\u0441\u0442\u044c \u0432 \u0443\u0447\u0435\u0442\u0435.\n\u0421 \u043d\u0430\u043c\u0438 \u0432\u044b \u043f\u043e\u043b\u0443\u0447\u0438\u0442\u0435 \u043f\u043e\u043b\u043d\u044b\u0439 \u043f\u0430\u043a\u0435\u0442 \u0431\u0443\u0445\u0433\u0430\u043b\u0442\u0435\u0440\u0441\u043a\u0438\u0445 \u0443\u0441\u043b\u0443\u0433, \u0432\u043a\u043b\u044e\u0447\u0430\u044f \u0440\u0430\u0441\u0447\u0435\u0442 \u0437\u0430\u0440\u043f\u043b\u0430\u0442\n\u0441\u043e\u0442\u0440\u0443\u0434\u043d\u0438\u043a\u043e\u0432, \u0444\u043e\u0440\u043c\u0438\u0440\u043e\u0432\u0430\u043d\u0438\u0435 \u0438 \u043f\u043e\u0434\u0430\u0447\u0443 \u0434\u0435\u043a\u043b\u0430\u0440\u0430\u0446\u0438\u0439 IVA \u0438 IRPF, \u043f\u043e\u0434\u0433\u043e\u0442\u043e\u0432\u043a\u0443 \u0433\u043e\u0434\u043e\u0432\u043e\u0439\n\u043e\u0442\u0447\u0435\u0442\u043d\u043e\u0441\u0442\u0438, \u0438 \u043a\u043e\u043d\u0441\u0443\u043b\u044c\u0442\u0430\u0446\u0438\u0438 \u043f\u043e \u043b\u044e\u0431\u044b\u043c \u0431\u0443\u0445\u0433\u0430\u043b\u0442\u0435\u0440\u0441\u043a\u0438\u043c \u0432\u043e\u043f\u0440\u043e\u0441\u0430\u043c \u043d\u0430 \u0440\u0443\u0441\u0441\u043a\u043e\u043c \u044f\u0437\u044b\u043a\u0435.\u200b<br><br>\t\t\t\t\t<\/p>\n\t\t\t\t\n\t\t\t<\/div>\n\t\t\t\n\t\t<\/div>\n\t\t\t\t\t\t<\/div>\n\t\t\t\t<\/div>\n\t\t\t\t<\/div>\n\t\t\t\t<\/div>\n\t\t\t\t<\/div>\n\t\t\t\t\t<\/div>\n\t\t\t\t<\/div>\n\t\t\t\t<\/div>","protected":false},"excerpt":{"rendered":"<p>Noticias y consejos para tu negocio Mantente al d\u00eda con las novedades fiscales, cambios legales y consejos para aut\u00f3nomos y pymes. Informaci\u00f3n pr\u00e1ctica y relevante para tomar mejores decisiones. Contratos, reclamaciones, protecci\u00f3n de datos, defensa jur\u00eddica, constituci\u00f3n y disoluci\u00f3n de empresas. Jur\u00eddico claro y sin letra peque\u00f1a. Nuestras \u00faltimas noticias Registro de empresas Ofrecemos asistencia profesional para registrar su negocio en Barcelona de forma r\u00e1pida y sin complicaciones. Nuestros expertos le ayudar\u00e1n en todas las etapas: desde la elecci\u00f3n de la forma societaria (SL, aut\u00f3nomo y otras opciones) hasta la apertura de una cuenta bancaria y la obtenci\u00f3n de toda la documentaci\u00f3n necesaria. Todo el tr\u00e1mite se realiza \u00edntegramente en ruso, lo que simplifica considerablemente la comunicaci\u00f3n y le ahorra tiempo. Adem\u00e1s, le asesoraremos sobre impuestos, obligaciones con las administraciones p\u00fablicas y le ayudaremos a obtener los n\u00fameros NIE y NIF. Nuestros servicios garantizan la minimizaci\u00f3n de riesgos y un inicio c\u00f3modo de su negocio en Espa\u00f1a. Servicios de contabilidad Nuestros contables rusoparlantes con amplia experiencia en Barcelona ofrecen asistencia contable integral, la presentaci\u00f3n puntual de informes fiscales y financieros, y asesoramiento para la optimizaci\u00f3n fiscal. Ayudamos a las peque\u00f1as y medianas empresas a evitar multas y riesgos fiscales, garantizando claridad, fiabilidad y total transparencia en la contabilidad. Con nosotros, recibir\u00e1 un paquete completo de servicios contables, que incluye el c\u00e1lculo de salarios de empleados, la generaci\u00f3n y presentaci\u00f3n de declaraciones de IVA e IRPF, la preparaci\u00f3n de informes anuales y la consultor\u00eda sobre cualquier tema contable en ruso.<\/p>","protected":false},"author":1,"featured_media":0,"parent":0,"menu_order":0,"comment_status":"closed","ping_status":"closed","template":"","meta":{"_monsterinsights_skip_tracking":false,"_monsterinsights_sitenote_active":false,"_monsterinsights_sitenote_note":"","_monsterinsights_sitenote_category":0,"_uf_show_specific_survey":0,"_uf_disable_surveys":false,"site-sidebar-layout":"default","site-content-layout":"page-builder","ast-site-content-layout":"full-width-container","site-content-style":"unboxed","site-sidebar-style":"unboxed","ast-global-header-display":"","ast-banner-title-visibility":"","ast-main-header-display":"","ast-hfb-above-header-display":"","ast-hfb-below-header-display":"","ast-hfb-mobile-header-display":"","site-post-title":"disabled","ast-breadcrumbs-content":"disabled","ast-featured-img":"disabled","footer-sml-layout":"","theme-transparent-header-meta":"enabled","adv-header-id-meta":"","stick-header-meta":"","header-above-stick-meta":"","header-main-stick-meta":"","header-below-stick-meta":"","astra-migrate-meta-layouts":"set","ast-page-background-enabled":"default","ast-page-background-meta":{"desktop":{"background-color":"","background-image":"","background-repeat":"repeat","background-position":"center center","background-size":"auto","background-attachment":"scroll","background-type":"","background-media":"","overlay-type":"","overlay-color":"","overlay-opacity":"","overlay-gradient":""},"tablet":{"background-color":"","background-image":"","background-repeat":"repeat","background-position":"center center","background-size":"auto","background-attachment":"scroll","background-type":"","background-media":"","overlay-type":"","overlay-color":"","overlay-opacity":"","overlay-gradient":""},"mobile":{"background-color":"","background-image":"","background-repeat":"repeat","background-position":"center center","background-size":"auto","background-attachment":"scroll","background-type":"","background-media":"","overlay-type":"","overlay-color":"","overlay-opacity":"","overlay-gradient":""}},"ast-content-background-meta":{"desktop":{"background-color":"var(--ast-global-color-5)","background-image":"","background-repeat":"repeat","background-position":"center center","background-size":"auto","background-attachment":"scroll","background-type":"","background-media":"","overlay-type":"","overlay-color":"","overlay-opacity":"","overlay-gradient":""},"tablet":{"background-color":"var(--ast-global-color-5)","background-image":"","background-repeat":"repeat","background-position":"center center","background-size":"auto","background-attachment":"scroll","background-type":"","background-media":"","overlay-type":"","overlay-color":"","overlay-opacity":"","overlay-gradient":""},"mobile":{"background-color":"var(--ast-global-color-5)","background-image":"","background-repeat":"repeat","background-position":"center center","background-size":"auto","background-attachment":"scroll","background-type":"","background-media":"","overlay-type":"","overlay-color":"","overlay-opacity":"","overlay-gradient":""}},"footnotes":""},"class_list":["post-1817","page","type-page","status-publish","hentry"],"aioseo_notices":[],"_links":{"self":[{"href":"https:\/\/newcounsel.barcelona\/ru\/wp-json\/wp\/v2\/pages\/1817","targetHints":{"allow":["GET"]}}],"collection":[{"href":"https:\/\/newcounsel.barcelona\/ru\/wp-json\/wp\/v2\/pages"}],"about":[{"href":"https:\/\/newcounsel.barcelona\/ru\/wp-json\/wp\/v2\/types\/page"}],"author":[{"embeddable":true,"href":"https:\/\/newcounsel.barcelona\/ru\/wp-json\/wp\/v2\/users\/1"}],"replies":[{"embeddable":true,"href":"https:\/\/newcounsel.barcelona\/ru\/wp-json\/wp\/v2\/comments?post=1817"}],"version-history":[{"count":34,"href":"https:\/\/newcounsel.barcelona\/ru\/wp-json\/wp\/v2\/pages\/1817\/revisions"}],"predecessor-version":[{"id":2038,"href":"https:\/\/newcounsel.barcelona\/ru\/wp-json\/wp\/v2\/pages\/1817\/revisions\/2038"}],"wp:attachment":[{"href":"https:\/\/newcounsel.barcelona\/ru\/wp-json\/wp\/v2\/media?parent=1817"}],"curies":[{"name":"wp","href":"https:\/\/api.w.org\/{rel}","templated":true}]}}